{"id":640,"date":"2022-04-25T21:16:00","date_gmt":"2022-04-25T19:16:00","guid":{"rendered":"https:\/\/www.observersecurity.com\/?page_id=640"},"modified":"2022-04-28T19:26:27","modified_gmt":"2022-04-28T17:26:27","slug":"sprawy-rodzinne","status":"publish","type":"page","link":"https:\/\/www.observersecurity.com\/?page_id=640","title":{"rendered":"SPRAWY RODZINNE"},"content":{"rendered":"\t\t<div data-elementor-type=\"wp-page\" data-elementor-id=\"640\" class=\"elementor elementor-640\">\n\t\t\t\t\t\t<section class=\"elementor-section elementor-top-section elementor-element elementor-element-58dca73 elementor-section-boxed elementor-section-height-default elementor-section-height-default\" data-id=\"58dca73\" data-element_type=\"section\" data-e-type=\"section\">\n\t\t\t\t\t\t<div class=\"elementor-container elementor-column-gap-default\">\n\t\t\t\t\t<div class=\"elementor-column elementor-col-100 elementor-top-column elementor-element elementor-element-98ed270\" data-id=\"98ed270\" data-element_type=\"column\" data-e-type=\"column\">\n\t\t\t<div class=\"elementor-widget-wrap elementor-element-populated\">\n\t\t\t\t\t\t<div class=\"elementor-element elementor-element-b4e910e elementor-widget elementor-widget-text-editor\" data-id=\"b4e910e\" data-element_type=\"widget\" data-e-type=\"widget\" data-widget_type=\"text-editor.default\">\n\t\t\t\t<div class=\"elementor-widget-container\">\n\t\t\t\t\t\t\t\t\t<div class=\"Caption wow slideInDown\" style=\"margin-bottom: 20px; text-transform: uppercase; font-weight: 900; font-size: 24px; color: #1b2a49; font-family: Raleway, sans-serif; visibility: visible;\">POSZUKIWANIE OS\u00d3B, W\u00a0TYM USTALENIE MIEJSCA ZAMELDOWANIA ORAZ\u00a0FAKTYCZNEGO PRZEBYWANIA OSOBY<\/div><div class=\"Text wow slideInUp\" style=\"margin-bottom: 45px; line-height: 24px; color: #1b2a49; font-family: Raleway, sans-serif; font-size: 14px; visibility: visible;\">Na\u00a0Pa\u0144stwa zlecenie weryfikujemy dane adresowe i\u00a0odnajdujemy faktyczne miejsca pobytu Pa\u0144stwa kontrahent\u00f3w, znajomych, os\u00f3b, z\u00a0kt\u00f3rymi przed\u00a0laty utracili\u015bcie kontakt, jak i\u00a0potencjalnych spadkobierc\u00f3w w\u00a0post\u0119powaniu spadkowym. Podejmujemy si\u0119 najtrudniejszych spraw zwi\u0105zanych z\u00a0zagini\u0119ciami os\u00f3b. Poszukiwania prowadzimy na\u00a0terenie ca\u0142ej Europy i\u00a0innych region\u00f3w \u015bwiata.<\/div>\t\t\t\t\t\t\t\t<\/div>\n\t\t\t\t<\/div>\n\t\t\t\t\t<\/div>\n\t\t<\/div>\n\t\t\t\t\t<\/div>\n\t\t<\/section>\n\t\t\t\t<section class=\"elementor-section elementor-top-section elementor-element elementor-element-8056884 elementor-section-boxed elementor-section-height-default elementor-section-height-default\" data-id=\"8056884\" data-element_type=\"section\" data-e-type=\"section\">\n\t\t\t\t\t\t<div class=\"elementor-container elementor-column-gap-default\">\n\t\t\t\t\t<div class=\"elementor-column elementor-col-100 elementor-top-column elementor-element elementor-element-61db5f7\" data-id=\"61db5f7\" data-element_type=\"column\" data-e-type=\"column\">\n\t\t\t<div class=\"elementor-widget-wrap elementor-element-populated\">\n\t\t\t\t\t\t<div class=\"elementor-element elementor-element-2055157 elementor-widget elementor-widget-text-editor\" data-id=\"2055157\" data-element_type=\"widget\" data-e-type=\"widget\" data-widget_type=\"text-editor.default\">\n\t\t\t\t<div class=\"elementor-widget-container\">\n\t\t\t\t\t\t\t\t\t<div class=\"Caption wow slideInDown\" style=\"margin-bottom: 20px; text-transform: uppercase; font-weight: 900; font-size: 24px; color: rgb(27, 42, 73); font-family: Raleway, sans-serif; text-align: right; visibility: visible;\"><div class=\"Caption wow slideInDown\" style=\"text-align: start; margin-bottom: 20px; visibility: visible;\">WERYFIKACJA WIERNO\u015aCI PARTNERA<\/div><div class=\"Text wow slideInUp\" style=\"font-weight: 400; text-align: start; text-transform: none; margin-bottom: 45px; line-height: 24px; font-size: 14px; visibility: visible;\">Prowadzimy dyskretn\u0105 ci\u0105g\u0142\u0105 obserwacj\u0119 partnera. Weryfikujemy jego kontakty fizyczne i&nbsp;elektroniczne.<\/div><\/div>\t\t\t\t\t\t\t\t<\/div>\n\t\t\t\t<\/div>\n\t\t\t\t\t<\/div>\n\t\t<\/div>\n\t\t\t\t\t<\/div>\n\t\t<\/section>\n\t\t\t\t<section class=\"elementor-section elementor-top-section elementor-element elementor-element-3217b22 elementor-section-boxed elementor-section-height-default elementor-section-height-default\" data-id=\"3217b22\" data-element_type=\"section\" data-e-type=\"section\">\n\t\t\t\t\t\t<div class=\"elementor-container elementor-column-gap-default\">\n\t\t\t\t\t<div class=\"elementor-column elementor-col-100 elementor-top-column elementor-element elementor-element-1d41d37\" data-id=\"1d41d37\" data-element_type=\"column\" data-e-type=\"column\">\n\t\t\t<div class=\"elementor-widget-wrap elementor-element-populated\">\n\t\t\t\t\t\t<div class=\"elementor-element elementor-element-f8933fb elementor-widget elementor-widget-text-editor\" data-id=\"f8933fb\" data-element_type=\"widget\" data-e-type=\"widget\" data-widget_type=\"text-editor.default\">\n\t\t\t\t<div class=\"elementor-widget-container\">\n\t\t\t\t\t\t\t\t\t<div class=\"Caption wow slideInDown\" style=\"margin-bottom: 20px; text-transform: uppercase; font-weight: 900; font-size: 24px; color: #1b2a49; font-family: Raleway, sans-serif; text-align: right; visibility: visible;\">ROZWODY<\/div><div class=\"Text wow slideInUp\" style=\"margin-bottom: 45px; line-height: 24px; color: #1b2a49; font-family: Raleway, sans-serif; font-size: 14px; text-align: right; visibility: visible;\">Kompleksowa obs\u0142uga spraw rozwodowych w\u00a0tym: zebranie materia\u0142u dowodowego i\u00a0wsparcie psychologa. Prowadzimy dyskretn\u0105 ci\u0105g\u0142\u0105 obserwacj\u0119 partnera. Weryfikujemy jego kontakty fizyczne i\u00a0elektroniczne. Zapewniamy pe\u0142en raport wraz ze\u00a0zdj\u0119ciami i\u00a0nagraniami video. Profesjonalnie przygotowujemy materia\u0142 dowodowy do\u00a0wykorzystania w\u00a0post\u0119powaniu s\u0105dowym. Materia\u0142 taki ma kluczowe znaczenie w\u00a0orzekaniu o\u00a0podziale maj\u0105tku, opiece nad\u00a0dzie\u0107mi itp.<\/div>\t\t\t\t\t\t\t\t<\/div>\n\t\t\t\t<\/div>\n\t\t\t\t\t<\/div>\n\t\t<\/div>\n\t\t\t\t\t<\/div>\n\t\t<\/section>\n\t\t\t\t<section class=\"elementor-section elementor-top-section elementor-element elementor-element-3ebf6ae elementor-section-boxed elementor-section-height-default elementor-section-height-default\" data-id=\"3ebf6ae\" data-element_type=\"section\" data-e-type=\"section\">\n\t\t\t\t\t\t<div class=\"elementor-container elementor-column-gap-default\">\n\t\t\t\t\t<div class=\"elementor-column elementor-col-100 elementor-top-column elementor-element elementor-element-7382380\" data-id=\"7382380\" data-element_type=\"column\" data-e-type=\"column\">\n\t\t\t<div class=\"elementor-widget-wrap elementor-element-populated\">\n\t\t\t\t\t\t<div class=\"elementor-element elementor-element-7d9d9da elementor-widget elementor-widget-text-editor\" data-id=\"7d9d9da\" data-element_type=\"widget\" data-e-type=\"widget\" data-widget_type=\"text-editor.default\">\n\t\t\t\t<div class=\"elementor-widget-container\">\n\t\t\t\t\t\t\t\t\t<div class=\"Caption wow slideInDown\" style=\"margin-bottom: 20px; text-transform: uppercase; font-weight: 900; font-size: 24px; color: #1b2a49; font-family: Raleway, sans-serif; visibility: visible;\">WERYFIKACJA KONTAKT\u00d3W NIELETNICH<\/div><div class=\"Text wow slideInUp\" style=\"margin-bottom: 45px; line-height: 24px; color: #1b2a49; font-family: Raleway, sans-serif; font-size: 14px; visibility: visible;\">Weryfikacja kontakt\u00f3w nieletnich i\u00a0penetracja \u015brodowiska w\u00a0jakim funkcjonuj\u0105. Dzisiejsze czasy nios\u0105 olbrzymi\u0105 liczb\u0119 zagro\u017ce\u0144 dla dzieci \u2013 narkotyki, pedofilia, pornografia dzieci\u0119ca, wymuszenia. Ta sytuacja wymaga wzmo\u017conej czujno\u015bci i\u00a0natychmiastowej reakcji. Kompleksowo i\u00a0dyskretnie zweryfikujemy zar\u00f3wno fizyczne, jak i\u00a0elektroniczne kontakty Pa\u0144stwa dziecka. Dzi\u0119ki temu b\u0119dziecie Pa\u0144stwo mie\u0107 czas, aby podj\u0105\u0107 w\u0142a\u015bciwe kroki celem ochrony jego szcz\u0119\u015bliwej przysz\u0142o\u015bci.<\/div>\t\t\t\t\t\t\t\t<\/div>\n\t\t\t\t<\/div>\n\t\t\t\t\t<\/div>\n\t\t<\/div>\n\t\t\t\t\t<\/div>\n\t\t<\/section>\n\t\t\t\t<section class=\"elementor-section elementor-top-section elementor-element elementor-element-e2ac428 elementor-section-boxed elementor-section-height-default elementor-section-height-default\" data-id=\"e2ac428\" data-element_type=\"section\" data-e-type=\"section\">\n\t\t\t\t\t\t<div class=\"elementor-container elementor-column-gap-default\">\n\t\t\t\t\t<div class=\"elementor-column elementor-col-100 elementor-top-column elementor-element elementor-element-d62b531\" data-id=\"d62b531\" data-element_type=\"column\" data-e-type=\"column\">\n\t\t\t<div class=\"elementor-widget-wrap elementor-element-populated\">\n\t\t\t\t\t\t<div class=\"elementor-element elementor-element-dda3537 elementor-widget elementor-widget-text-editor\" data-id=\"dda3537\" data-element_type=\"widget\" data-e-type=\"widget\" data-widget_type=\"text-editor.default\">\n\t\t\t\t<div class=\"elementor-widget-container\">\n\t\t\t\t\t\t\t\t\t<div class=\"Caption wow slideInDown\" style=\"margin-bottom: 20px; text-transform: uppercase; font-weight: 900; font-size: 24px; color: #1b2a49; font-family: Raleway, sans-serif; text-align: right; visibility: visible;\">OBSERWACJE OS\u00d3B I\u00a0MIEJSC<\/div><div class=\"Text wow slideInUp\" style=\"margin-bottom: 45px; line-height: 24px; color: #1b2a49; font-family: Raleway, sans-serif; font-size: 14px; text-align: right; visibility: visible;\">Zapewniamy dyskretn\u0105 i\u00a0ci\u0105g\u0142\u0105 obserwacj\u0119 miejsc i\u00a0os\u00f3b z\u00a0u\u017cyciem sprz\u0119tu obserwacyjnego najwy\u017cszej klasy. Z\u00a0podj\u0119tych czynno\u015bci przygotowujemy profesjonalny raport zawieraj\u0105cy zdj\u0119cia i\u00a0materia\u0142y audio-video.<\/div>\t\t\t\t\t\t\t\t<\/div>\n\t\t\t\t<\/div>\n\t\t\t\t\t<\/div>\n\t\t<\/div>\n\t\t\t\t\t<\/div>\n\t\t<\/section>\n\t\t\t\t<section class=\"elementor-section elementor-top-section elementor-element elementor-element-d5cd12e elementor-section-boxed elementor-section-height-default elementor-section-height-default\" data-id=\"d5cd12e\" data-element_type=\"section\" data-e-type=\"section\">\n\t\t\t\t\t\t<div class=\"elementor-container elementor-column-gap-default\">\n\t\t\t\t\t<div class=\"elementor-column elementor-col-100 elementor-top-column elementor-element elementor-element-d57e062\" data-id=\"d57e062\" data-element_type=\"column\" data-e-type=\"column\">\n\t\t\t<div class=\"elementor-widget-wrap elementor-element-populated\">\n\t\t\t\t\t\t<div class=\"elementor-element elementor-element-4668e43 elementor-widget elementor-widget-text-editor\" data-id=\"4668e43\" data-element_type=\"widget\" data-e-type=\"widget\" data-widget_type=\"text-editor.default\">\n\t\t\t\t<div class=\"elementor-widget-container\">\n\t\t\t\t\t\t\t\t\t<div class=\"Caption wow slideInDown\" style=\"margin-bottom: 20px; text-transform: uppercase; font-weight: 900; font-size: 24px; color: #1b2a49; font-family: Raleway, sans-serif; text-align: right; visibility: visible;\"><div class=\"Caption wow slideInDown\" style=\"margin-bottom: 20px; visibility: visible;\">ZABEZPIECZENIE MATERIA\u0141U GENETYCZNEGO I\u00a0WERYFIKACJA OJCOSTWA<\/div><div class=\"Text wow slideInUp\" style=\"font-weight: 400; text-transform: none; margin-bottom: 45px; line-height: 24px; font-size: 14px; visibility: visible;\">Profesjonalnie zabezpieczamy mikro\u015blady zawieraj\u0105ce pr\u00f3bki DNA, dzi\u0119ki kt\u00f3rym\u00a0jeste\u015bmy w\u00a0stanie z\u00a0prawie 100% skuteczno\u015bci\u0105 dopasowa\u0107 materia\u0142 genetyczny do\u00a0osoby, od\u00a0kt\u00f3rej on pochodzi. Ma to\u00a0m.in. podstawowe znaczenie w\u00a0ustalaniu ojcostwa. W\u00a0zakresie ekspertyz korzystamy z\u00a0us\u0142ug renomowanego laboratorium.<\/div><\/div>\t\t\t\t\t\t\t\t<\/div>\n\t\t\t\t<\/div>\n\t\t\t\t\t<\/div>\n\t\t<\/div>\n\t\t\t\t\t<\/div>\n\t\t<\/section>\n\t\t\t\t<section class=\"elementor-section elementor-top-section elementor-element elementor-element-d05a085 elementor-section-boxed elementor-section-height-default elementor-section-height-default\" data-id=\"d05a085\" data-element_type=\"section\" data-e-type=\"section\">\n\t\t\t\t\t\t<div class=\"elementor-container elementor-column-gap-default\">\n\t\t\t\t\t<div class=\"elementor-column elementor-col-100 elementor-top-column elementor-element elementor-element-ad41e79\" data-id=\"ad41e79\" data-element_type=\"column\" data-e-type=\"column\">\n\t\t\t<div class=\"elementor-widget-wrap elementor-element-populated\">\n\t\t\t\t\t\t<div class=\"elementor-element elementor-element-7e190c0 elementor-widget elementor-widget-text-editor\" data-id=\"7e190c0\" data-element_type=\"widget\" data-e-type=\"widget\" data-widget_type=\"text-editor.default\">\n\t\t\t\t<div class=\"elementor-widget-container\">\n\t\t\t\t\t\t\t\t\t<div class=\"Caption wow slideInDown\" style=\"margin-bottom: 20px; text-transform: uppercase; font-weight: 900; font-size: 24px; color: #1b2a49; font-family: Raleway, sans-serif; visibility: visible;\">MATERIA\u0141 DLA SPRAW S\u0104DOWYCH<\/div><div class=\"Text wow slideInUp\" style=\"margin-bottom: 45px; line-height: 24px; color: #1b2a49; font-family: Raleway, sans-serif; font-size: 14px; visibility: visible;\">Zbieramy i\u00a0przygotowujemy materia\u0142 dowodowy w\u00a0sprawach zwi\u0105zanych z\u00a0molestowaniem seksualnym, mobbingiem, stalkingiem, naruszeniami nietykalno\u015bci cielesnej i\u00a0in. przest\u0119pstwami przeciwko osobie oraz\u00a0reprezentacja procesowa w\u00a0post\u0119powaniach przygotowawczych i\u00a0s\u0105dowych. Pomagamy przygotowa\u0107 materia\u0142 dowodowy do\u00a0wykorzystania w\u00a0ewentualnym post\u0119powaniu s\u0105dowym osobom zagro\u017conym przest\u0119pstwami przeciwko wolno\u015bci, nietykalno\u015bci cielesnej, godno\u015bci osobistej. Skrupulatnie dokumentujemy wszelkie naruszenia przedmiotowych d\u00f3br.<\/div>\t\t\t\t\t\t\t\t<\/div>\n\t\t\t\t<\/div>\n\t\t\t\t\t<\/div>\n\t\t<\/div>\n\t\t\t\t\t<\/div>\n\t\t<\/section>\n\t\t\t\t<section class=\"elementor-section elementor-top-section elementor-element elementor-element-d24a66f elementor-section-boxed elementor-section-height-default elementor-section-height-default\" data-id=\"d24a66f\" data-element_type=\"section\" data-e-type=\"section\">\n\t\t\t\t\t\t<div class=\"elementor-container elementor-column-gap-default\">\n\t\t\t\t\t<div class=\"elementor-column elementor-col-100 elementor-top-column elementor-element elementor-element-a4dc201\" data-id=\"a4dc201\" data-element_type=\"column\" data-e-type=\"column\">\n\t\t\t<div class=\"elementor-widget-wrap elementor-element-populated\">\n\t\t\t\t\t\t<div class=\"elementor-element elementor-element-c95afdd elementor-widget elementor-widget-text-editor\" data-id=\"c95afdd\" data-element_type=\"widget\" data-e-type=\"widget\" data-widget_type=\"text-editor.default\">\n\t\t\t\t<div class=\"elementor-widget-container\">\n\t\t\t\t\t\t\t\t\t<div style=\"margin-bottom: 20px; text-transform: uppercase; font-weight: 900; font-size: 24px; color: #1b2a49; font-family: Raleway, sans-serif; text-align: right; visibility: visible;\">BADANIA WARIOGRAFICZNE<\/div><div style=\"margin-bottom: 45px; line-height: 24px; color: #1b2a49; font-family: Raleway, sans-serif; font-size: 14px; text-align: right; visibility: visible;\">Przeprowadzamy wraz z specjalistycznym laboratorium zaawansowane badania z tzw. wykrywaczem k\u0142amstw i\u00a0przygotowujemy opis wynik\u00f3w<\/div>\t\t\t\t\t\t\t\t<\/div>\n\t\t\t\t<\/div>\n\t\t\t\t\t<\/div>\n\t\t<\/div>\n\t\t\t\t\t<\/div>\n\t\t<\/section>\n\t\t\t\t<section class=\"elementor-section elementor-top-section elementor-element elementor-element-7ea85d1 elementor-section-boxed elementor-section-height-default elementor-section-height-default\" data-id=\"7ea85d1\" data-element_type=\"section\" data-e-type=\"section\">\n\t\t\t\t\t\t<div class=\"elementor-container elementor-column-gap-default\">\n\t\t\t\t\t<div class=\"elementor-column elementor-col-100 elementor-top-column elementor-element elementor-element-95ac254\" data-id=\"95ac254\" data-element_type=\"column\" data-e-type=\"column\">\n\t\t\t<div class=\"elementor-widget-wrap elementor-element-populated\">\n\t\t\t\t\t\t<div class=\"elementor-element elementor-element-a1aaaad elementor-widget elementor-widget-text-editor\" data-id=\"a1aaaad\" data-element_type=\"widget\" data-e-type=\"widget\" data-widget_type=\"text-editor.default\">\n\t\t\t\t<div class=\"elementor-widget-container\">\n\t\t\t\t\t\t\t\t\t<div class=\"Caption wow slideInDown\" style=\"margin-bottom: 20px; text-transform: uppercase; font-weight: 900; font-size: 24px; color: #1b2a49; font-family: Raleway, sans-serif; visibility: visible;\">WYKRYWANIE PODS\u0141UCH\u00d3W<\/div><div class=\"Text wow slideInUp\" style=\"margin-bottom: 45px; line-height: 24px; color: #1b2a49; font-family: Raleway, sans-serif; font-size: 14px; visibility: visible;\">Dysponujemy najnowocze\u015bniejszym sprz\u0119tem wykazuj\u0105cym obecno\u015b\u0107 urz\u0105dze\u0144 pods\u0142uchowych zar\u00f3wno analogowych jak i\u00a0cyfrowych, w\u00a0pomieszczeniach mieszkalnych, biurach, pojazdach, etc.<\/div>\t\t\t\t\t\t\t\t<\/div>\n\t\t\t\t<\/div>\n\t\t\t\t\t<\/div>\n\t\t<\/div>\n\t\t\t\t\t<\/div>\n\t\t<\/section>\n\t\t\t\t<section class=\"elementor-section elementor-top-section elementor-element elementor-element-7371c4c elementor-section-boxed elementor-section-height-default elementor-section-height-default\" data-id=\"7371c4c\" data-element_type=\"section\" data-e-type=\"section\">\n\t\t\t\t\t\t<div class=\"elementor-container elementor-column-gap-default\">\n\t\t\t\t\t<div class=\"elementor-column elementor-col-100 elementor-top-column elementor-element elementor-element-42bee92\" data-id=\"42bee92\" data-element_type=\"column\" data-e-type=\"column\">\n\t\t\t<div class=\"elementor-widget-wrap elementor-element-populated\">\n\t\t\t\t\t\t<div class=\"elementor-element elementor-element-fb0853a elementor-widget elementor-widget-text-editor\" data-id=\"fb0853a\" data-element_type=\"widget\" data-e-type=\"widget\" data-widget_type=\"text-editor.default\">\n\t\t\t\t<div class=\"elementor-widget-container\">\n\t\t\t\t\t\t\t\t\t<div class=\"Caption wow slideInDown\" style=\"margin-bottom: 20px; text-transform: uppercase; font-weight: 900; font-size: 24px; color: #1b2a49; font-family: Raleway, sans-serif; text-align: right; visibility: visible;\">EKSPERTYZY KRYMINALISTYCZNE<\/div><div class=\"Text wow slideInUp\" style=\"margin-bottom: 45px; line-height: 24px; color: #1b2a49; font-family: Raleway, sans-serif; font-size: 14px; text-align: right; visibility: visible;\">Wykonujemy profesjonalne ekspertyzy DNA, pisma, piecz\u0119ci. Dokonujemy analizy zawarto\u015bci dysk\u00f3w komputerowych pod\u00a0wzgl\u0119dem obecno\u015bci zakazanych tre\u015bci. Analizujemy zapisy ksi\u0119gowe pod\u00a0k\u0105tem wykrywania oszustw, technik kreatywnej ksi\u0119gowo\u015bci, niezgodno\u015bci sprawozda\u0144 finansowych ze\u00a0stanem faktycznym.<\/div>\t\t\t\t\t\t\t\t<\/div>\n\t\t\t\t<\/div>\n\t\t\t\t\t<\/div>\n\t\t<\/div>\n\t\t\t\t\t<\/div>\n\t\t<\/section>\n\t\t\t\t<section class=\"elementor-section elementor-top-section elementor-element elementor-element-8424adb elementor-section-boxed elementor-section-height-default elementor-section-height-default\" data-id=\"8424adb\" data-element_type=\"section\" data-e-type=\"section\">\n\t\t\t\t\t\t<div class=\"elementor-container elementor-column-gap-default\">\n\t\t\t\t\t<div class=\"elementor-column elementor-col-100 elementor-top-column elementor-element elementor-element-e81fe71\" data-id=\"e81fe71\" data-element_type=\"column\" data-e-type=\"column\">\n\t\t\t<div class=\"elementor-widget-wrap elementor-element-populated\">\n\t\t\t\t\t\t<div class=\"elementor-element elementor-element-b03e63b elementor-widget elementor-widget-text-editor\" data-id=\"b03e63b\" data-element_type=\"widget\" data-e-type=\"widget\" data-widget_type=\"text-editor.default\">\n\t\t\t\t<div class=\"elementor-widget-container\">\n\t\t\t\t\t\t\t\t\t<p style=\"box-sizing: inherit; margin-bottom: 10.5px; font-variant-numeric: normal; font-variant-east-asian: normal; color: #4c4c4c; font-family: Arial, Helvetica, sans-serif; font-size: 12px; text-align: justify;\"><span style=\"box-sizing: inherit; font-size: 18px; margin: 0px; padding: 0px;\"><strong style=\"box-sizing: inherit; color: #020202; margin: 0px; padding: 0px;\">Je\u015bli masz do nas&nbsp;<span style=\"box-sizing: inherit; color: #d0121a; margin: 0px; padding: 0px;\">pytania:<\/span><\/strong><\/span><\/p>\n<p><\/p>\n<p style=\"box-sizing: inherit; margin-bottom: 10.5px; font-variant-numeric: normal; font-variant-east-asian: normal; color: #4c4c4c; font-family: Arial, Helvetica, sans-serif; font-size: 12px; text-align: justify;\">\u2013 napisz maila na adres:&nbsp;<strong>detektywszafran@wp.pl<\/strong><br style=\"box-sizing: inherit; margin: 0px; padding: 0px;\">\u2013 zapytaj nas na&nbsp;<a href=\"https:\/\/www.facebook.com\/detektywszafran\/\" target=\"_blank\" rel=\"noopener\">facebook.com<\/a><br style=\"box-sizing: inherit; margin: 0px; padding: 0px;\">\u2013 zadzwo\u0144 do naszego biura obs\u0142ugi klienta: tel.&nbsp;<strong style=\"box-sizing: inherit; margin: 0px; padding: 0px;\">+48663087240 (Pon-Pt 08-16:00)<\/strong><\/p>\n<p><\/p>\n<p style=\"box-sizing: inherit; margin-bottom: 10.5px; font-variant-numeric: normal; font-variant-east-asian: normal; font-family: Arial, Helvetica, sans-serif; text-align: justify; font-size: 12px; color: #4c4c4c;\"><span style=\"box-sizing: inherit; font-size: 18px; margin: 0px; padding: 0px;\"><strong style=\"box-sizing: inherit; color: #020202; margin: 0px; padding: 0px;\">Adres&nbsp;<span style=\"box-sizing: inherit; color: #d0121a; margin: 0px; padding: 0px;\">firmy:<\/span><\/strong><\/span><\/p>\n<p><\/p>\n<p style=\"box-sizing: inherit; margin-bottom: 10.5px; font-variant-numeric: normal; font-variant-east-asian: normal; color: #4c4c4c; font-family: Arial, Helvetica, sans-serif; font-size: 12px; text-align: justify;\"><span style=\"box-sizing: inherit; margin: 0px; padding: 0px;\">KANCELARIA PRAWNO-DETEKTYWISTYCZNA STANIS\u0141AW SZAFRAN<br style=\"box-sizing: inherit; margin: 0px; padding: 0px;\">OSIEDLE \u015aWIERKOWE 7B LOK. 1<br style=\"box-sizing: inherit; margin: 0px; padding: 0px;\">69-100 S\u0141UBICE<\/span><\/p>\n<p><\/p>\n<p style=\"box-sizing: inherit; margin-bottom: 10.5px; font-variant-numeric: normal; font-variant-east-asian: normal; color: #4c4c4c; font-family: Arial, Helvetica, sans-serif; font-size: 12px; text-align: justify;\"><span style=\"box-sizing: inherit; margin: 0px; padding: 0px;\"><span style=\"box-sizing: inherit; background-color: rgba(0, 0, 0, 0); color: #000000; font-family: Gudea, Arial; font-size: 14px; font-variant-numeric: normal; font-variant-east-asian: normal; font-weight: bold; margin: 0px; padding: 0px; text-align: left;\">NIP: 9261254773&nbsp;<\/span><\/span><span style=\"background-color: rgba(0, 0, 0, 0); color: #000000; font-family: Gudea, Arial; font-size: 14px; font-weight: bold; text-align: left;\">REGON: 080450293<\/span><\/p>\t\t\t\t\t\t\t\t<\/div>\n\t\t\t\t<\/div>\n\t\t\t\t\t<\/div>\n\t\t<\/div>\n\t\t\t\t\t<\/div>\n\t\t<\/section>\n\t\t\t\t<\/div>\n\t\t","protected":false},"excerpt":{"rendered":"<p>POSZUKIWANIE OS\u00d3B, W\u00a0TYM USTALENIE MIEJSCA ZAMELDOWANIA ORAZ\u00a0FAKTYCZNEGO PRZEBYWANIA OSOBYNa\u00a0Pa\u0144stwa zlecenie weryfikujemy dane adresowe i\u00a0odnajdujemy faktyczne miejsca pobytu Pa\u0144stwa kontrahent\u00f3w, znajomych, os\u00f3b, z\u00a0kt\u00f3rymi przed\u00a0laty utracili\u015bcie kontakt, jak i\u00a0potencjalnych spadkobierc\u00f3w w\u00a0post\u0119powaniu spadkowym. Podejmujemy si\u0119 najtrudniejszych spraw zwi\u0105zanych z\u00a0zagini\u0119ciami os\u00f3b. Poszukiwania prowadzimy na\u00a0terenie ca\u0142ej Europy i\u00a0innych region\u00f3w \u015bwiata.WERYFIKACJA &hellip; <a href=\"https:\/\/www.observersecurity.com\/?page_id=640\" class=\"more-link\"><span>Continue reading<span class=\"screen-reader-text\">SPRAWY RODZINNE<\/span><\/span><\/a><\/p>\n","protected":false},"author":1,"featured_media":591,"parent":0,"menu_order":0,"comment_status":"closed","ping_status":"closed","template":"","meta":{"ngg_post_thumbnail":0,"footnotes":""},"class_list":["post-640","page","type-page","status-publish","has-post-thumbnail","hentry"],"_links":{"self":[{"href":"https:\/\/www.observersecurity.com\/index.php?rest_route=\/wp\/v2\/pages\/640","targetHints":{"allow":["GET"]}}],"collection":[{"href":"https:\/\/www.observersecurity.com\/index.php?rest_route=\/wp\/v2\/pages"}],"about":[{"href":"https:\/\/www.observersecurity.com\/index.php?rest_route=\/wp\/v2\/types\/page"}],"author":[{"embeddable":true,"href":"https:\/\/www.observersecurity.com\/index.php?rest_route=\/wp\/v2\/users\/1"}],"replies":[{"embeddable":true,"href":"https:\/\/www.observersecurity.com\/index.php?rest_route=%2Fwp%2Fv2%2Fcomments&post=640"}],"version-history":[{"count":37,"href":"https:\/\/www.observersecurity.com\/index.php?rest_route=\/wp\/v2\/pages\/640\/revisions"}],"predecessor-version":[{"id":711,"href":"https:\/\/www.observersecurity.com\/index.php?rest_route=\/wp\/v2\/pages\/640\/revisions\/711"}],"wp:featuredmedia":[{"embeddable":true,"href":"https:\/\/www.observersecurity.com\/index.php?rest_route=\/wp\/v2\/media\/591"}],"wp:attachment":[{"href":"https:\/\/www.observersecurity.com\/index.php?rest_route=%2Fwp%2Fv2%2Fmedia&parent=640"}],"curies":[{"name":"wp","href":"https:\/\/api.w.org\/{rel}","templated":true}]}}