{"id":597,"date":"2022-04-25T21:05:51","date_gmt":"2022-04-25T19:05:51","guid":{"rendered":"https:\/\/www.observersecurity.com\/?page_id=597"},"modified":"2022-04-28T19:26:40","modified_gmt":"2022-04-28T17:26:40","slug":"sprawy-miedzynarodowe","status":"publish","type":"page","link":"https:\/\/www.observersecurity.com\/?page_id=597","title":{"rendered":"SPRAWY MI\u0118DZYNARODOWE"},"content":{"rendered":"\t\t<div data-elementor-type=\"wp-page\" data-elementor-id=\"597\" class=\"elementor elementor-597\">\n\t\t\t\t\t\t<section class=\"elementor-section elementor-top-section elementor-element elementor-element-9dd5fd6 elementor-section-boxed elementor-section-height-default elementor-section-height-default\" data-id=\"9dd5fd6\" data-element_type=\"section\" data-e-type=\"section\">\n\t\t\t\t\t\t<div class=\"elementor-container elementor-column-gap-default\">\n\t\t\t\t\t<div class=\"elementor-column elementor-col-100 elementor-top-column elementor-element elementor-element-281a6c0\" data-id=\"281a6c0\" data-element_type=\"column\" data-e-type=\"column\">\n\t\t\t<div class=\"elementor-widget-wrap elementor-element-populated\">\n\t\t\t\t\t\t<div class=\"elementor-element elementor-element-e31f830 elementor-widget elementor-widget-text-editor\" data-id=\"e31f830\" data-element_type=\"widget\" data-e-type=\"widget\" data-widget_type=\"text-editor.default\">\n\t\t\t\t<div class=\"elementor-widget-container\">\n\t\t\t\t\t\t\t\t\t<p><span style=\"color: #888888; font-size: 16px;\">Z uwagi na specyficzne po\u0142o\u017cenie S\u0142ubic, zapewniamy bezpiecze\u0144stwo w stosunkach prawnych mi\u0119dzynarodowych, w szczeg\u00f3lno\u015bci polsko \u2013 niemieckich. W tym zakresie posiadamy niezb\u0119dne do\u015bwiadczenie zar\u00f3wno w sprawach os\u00f3b fizycznych jak te\u017c podmiot\u00f3w gospodarczych. Sprawy prowadzimy w j\u0119zyku polskim, niemieckim oraz angielskim.<\/span><\/p>\t\t\t\t\t\t\t\t<\/div>\n\t\t\t\t<\/div>\n\t\t\t\t\t<\/div>\n\t\t<\/div>\n\t\t\t\t\t<\/div>\n\t\t<\/section>\n\t\t\t\t<section class=\"elementor-section elementor-top-section elementor-element elementor-element-7720f8f elementor-section-boxed elementor-section-height-default elementor-section-height-default\" data-id=\"7720f8f\" data-element_type=\"section\" data-e-type=\"section\">\n\t\t\t\t\t\t<div class=\"elementor-container elementor-column-gap-default\">\n\t\t\t\t\t<div class=\"elementor-column elementor-col-100 elementor-top-column elementor-element elementor-element-786a24e\" data-id=\"786a24e\" data-element_type=\"column\" data-e-type=\"column\">\n\t\t\t<div class=\"elementor-widget-wrap elementor-element-populated\">\n\t\t\t\t\t\t<div class=\"elementor-element elementor-element-a6a5295 elementor-widget elementor-widget-text-editor\" data-id=\"a6a5295\" data-element_type=\"widget\" data-e-type=\"widget\" data-widget_type=\"text-editor.default\">\n\t\t\t\t<div class=\"elementor-widget-container\">\n\t\t\t\t\t\t\t\t\t<p style=\"box-sizing: inherit; margin-bottom: 10.5px; font-variant-numeric: normal; font-variant-east-asian: normal; color: #4c4c4c; font-family: Arial, Helvetica, sans-serif; font-size: 12px; text-align: justify;\"><span style=\"box-sizing: inherit; font-size: 18px; margin: 0px; padding: 0px;\"><strong style=\"box-sizing: inherit; color: #020202; margin: 0px; padding: 0px;\">Je\u015bli masz do nas&nbsp;<span style=\"box-sizing: inherit; color: #d0121a; margin: 0px; padding: 0px;\">pytania:<\/span><\/strong><\/span><\/p>\n<p><\/p>\n<p style=\"box-sizing: inherit; margin-bottom: 10.5px; font-variant-numeric: normal; font-variant-east-asian: normal; color: #4c4c4c; font-family: Arial, Helvetica, sans-serif; font-size: 12px; text-align: justify;\">\u2013 napisz maila na adres:&nbsp;<strong>detektywszafran@wp.pl<\/strong><br style=\"box-sizing: inherit; margin: 0px; padding: 0px;\">\u2013 zapytaj nas na&nbsp;<a href=\"https:\/\/www.facebook.com\/detektywszafran\/\" target=\"_blank\" rel=\"noopener\">facebook.com<\/a><br style=\"box-sizing: inherit; margin: 0px; padding: 0px;\">\u2013 zadzwo\u0144 do naszego biura obs\u0142ugi klienta: tel.&nbsp;<strong style=\"box-sizing: inherit; margin: 0px; padding: 0px;\">+48663087240 (Pon-Pt 08-16:00)<\/strong><\/p>\n<p><\/p>\n<p style=\"box-sizing: inherit; margin-bottom: 10.5px; font-variant-numeric: normal; font-variant-east-asian: normal; font-family: Arial, Helvetica, sans-serif; text-align: justify; font-size: 12px; color: #4c4c4c;\"><span style=\"box-sizing: inherit; font-size: 18px; margin: 0px; padding: 0px;\"><strong style=\"box-sizing: inherit; color: #020202; margin: 0px; padding: 0px;\">Adres&nbsp;<span style=\"box-sizing: inherit; color: #d0121a; margin: 0px; padding: 0px;\">firmy:<\/span><\/strong><\/span><\/p>\n<p><\/p>\n<p style=\"box-sizing: inherit; margin-bottom: 10.5px; font-variant-numeric: normal; font-variant-east-asian: normal; color: #4c4c4c; font-family: Arial, Helvetica, sans-serif; font-size: 12px; text-align: justify;\"><span style=\"box-sizing: inherit; margin: 0px; padding: 0px;\">KANCELARIA PRAWNO-DETEKTYWISTYCZNA STANIS\u0141AW SZAFRAN<br style=\"box-sizing: inherit; margin: 0px; padding: 0px;\">OSIEDLE \u015aWIERKOWE 7B LOK. 1<br style=\"box-sizing: inherit; margin: 0px; padding: 0px;\">69-100 S\u0141UBICE<\/span><\/p>\n<p><\/p>\n<p style=\"box-sizing: inherit; margin-bottom: 10.5px; font-variant-numeric: normal; font-variant-east-asian: normal; color: #4c4c4c; font-family: Arial, Helvetica, sans-serif; font-size: 12px; text-align: justify;\"><span style=\"box-sizing: inherit; margin: 0px; padding: 0px;\"><span style=\"box-sizing: inherit; background-color: rgba(0, 0, 0, 0); color: #000000; font-family: Gudea, Arial; font-size: 14px; font-variant-numeric: normal; font-variant-east-asian: normal; font-weight: bold; margin: 0px; padding: 0px; text-align: left;\">NIP: 9261254773&nbsp;<\/span><\/span><span style=\"background-color: rgba(0, 0, 0, 0); color: #000000; font-family: Gudea, Arial; font-size: 14px; font-weight: bold; text-align: left;\">REGON: 080450293<\/span><\/p>\t\t\t\t\t\t\t\t<\/div>\n\t\t\t\t<\/div>\n\t\t\t\t\t<\/div>\n\t\t<\/div>\n\t\t\t\t\t<\/div>\n\t\t<\/section>\n\t\t\t\t<\/div>\n\t\t","protected":false},"excerpt":{"rendered":"<p>Z uwagi na specyficzne po\u0142o\u017cenie S\u0142ubic, zapewniamy bezpiecze\u0144stwo w stosunkach prawnych mi\u0119dzynarodowych, w szczeg\u00f3lno\u015bci polsko \u2013 niemieckich. W tym zakresie posiadamy niezb\u0119dne do\u015bwiadczenie zar\u00f3wno w sprawach os\u00f3b fizycznych jak te\u017c podmiot\u00f3w gospodarczych. Sprawy prowadzimy w j\u0119zyku polskim, niemieckim oraz angielskim. Je\u015bli masz do nas&nbsp;pytania: \u2013 &hellip; <a href=\"https:\/\/www.observersecurity.com\/?page_id=597\" class=\"more-link\"><span>Continue reading<span class=\"screen-reader-text\">SPRAWY MI\u0118DZYNARODOWE<\/span><\/span><\/a><\/p>\n","protected":false},"author":1,"featured_media":557,"parent":0,"menu_order":0,"comment_status":"closed","ping_status":"closed","template":"","meta":{"ngg_post_thumbnail":0,"footnotes":""},"class_list":["post-597","page","type-page","status-publish","has-post-thumbnail","hentry"],"_links":{"self":[{"href":"https:\/\/www.observersecurity.com\/index.php?rest_route=\/wp\/v2\/pages\/597","targetHints":{"allow":["GET"]}}],"collection":[{"href":"https:\/\/www.observersecurity.com\/index.php?rest_route=\/wp\/v2\/pages"}],"about":[{"href":"https:\/\/www.observersecurity.com\/index.php?rest_route=\/wp\/v2\/types\/page"}],"author":[{"embeddable":true,"href":"https:\/\/www.observersecurity.com\/index.php?rest_route=\/wp\/v2\/users\/1"}],"replies":[{"embeddable":true,"href":"https:\/\/www.observersecurity.com\/index.php?rest_route=%2Fwp%2Fv2%2Fcomments&post=597"}],"version-history":[{"count":7,"href":"https:\/\/www.observersecurity.com\/index.php?rest_route=\/wp\/v2\/pages\/597\/revisions"}],"predecessor-version":[{"id":714,"href":"https:\/\/www.observersecurity.com\/index.php?rest_route=\/wp\/v2\/pages\/597\/revisions\/714"}],"wp:featuredmedia":[{"embeddable":true,"href":"https:\/\/www.observersecurity.com\/index.php?rest_route=\/wp\/v2\/media\/557"}],"wp:attachment":[{"href":"https:\/\/www.observersecurity.com\/index.php?rest_route=%2Fwp%2Fv2%2Fmedia&parent=597"}],"curies":[{"name":"wp","href":"https:\/\/api.w.org\/{rel}","templated":true}]}}