{"id":590,"date":"2022-04-25T21:04:10","date_gmt":"2022-04-25T19:04:10","guid":{"rendered":"https:\/\/www.observersecurity.com\/?page_id=590"},"modified":"2022-04-28T19:26:01","modified_gmt":"2022-04-28T17:26:01","slug":"windykacja","status":"publish","type":"page","link":"https:\/\/www.observersecurity.com\/?page_id=590","title":{"rendered":"WINDYKACJA"},"content":{"rendered":"\t\t<div data-elementor-type=\"wp-page\" data-elementor-id=\"590\" class=\"elementor elementor-590\">\n\t\t\t\t\t\t<section class=\"elementor-section elementor-top-section elementor-element elementor-element-1d52f55 elementor-section-boxed elementor-section-height-default elementor-section-height-default\" data-id=\"1d52f55\" data-element_type=\"section\" data-e-type=\"section\">\n\t\t\t\t\t\t<div class=\"elementor-container elementor-column-gap-default\">\n\t\t\t\t\t<div class=\"elementor-column elementor-col-100 elementor-top-column elementor-element elementor-element-83725a5\" data-id=\"83725a5\" data-element_type=\"column\" data-e-type=\"column\">\n\t\t\t<div class=\"elementor-widget-wrap elementor-element-populated\">\n\t\t\t\t\t\t<div class=\"elementor-element elementor-element-9a440c0 elementor-widget elementor-widget-text-editor\" data-id=\"9a440c0\" data-element_type=\"widget\" data-e-type=\"widget\" data-widget_type=\"text-editor.default\">\n\t\t\t\t<div class=\"elementor-widget-container\">\n\t\t\t\t\t\t\t\t\t<p style=\"box-sizing: inherit; margin-bottom: 15px; color: #888888; font-size: 16px;\" align=\"JUSTIFY\"><span style=\"box-sizing: inherit; font-size: small;\">Jeste\u015bmy jedyn\u0105 kancelari\u0105 w wojew\u00f3dztwie i jedn\u0105 z nielicznych w Polsce, kt\u00f3ra \u0142\u0105czy ze sob\u0105 us\u0142ugi detektywistyczne, prawne oraz windykacyjne. Cechuje nas indywidualne i kompleksowe podej\u015bcie do ka\u017cdej przekazanej nam sprawy. W pierwszej kolejno\u015bci staramy si\u0119 nawi\u0105za\u0107 kontakt z d\u0142u\u017cnikiem oraz doprowadzi\u0107 do ugodowego rozwi\u0105zania satysfakcjonuj\u0105cego obie strony, uwzgl\u0119dniaj\u0105c fakt, i\u017c w Pa\u0144stwa interesie jest taka obs\u0142uga wierzytelno\u015bci, kt\u00f3ra nie spowoduje utraty klienta, a spowoduje uzyskanie nale\u017cno\u015bci oraz zawi\u0105\u017ce dalsz\u0105 wsp\u00f3\u0142prac\u0119 opart\u0105 na lojalno\u015bci. Nawi\u0105zuj\u0105c kontakt z Pa\u0144stwa kontrahentami zwlekaj\u0105cymi z zap\u0142at\u0105 staramy si\u0119 zak\u0142ada\u0107 ich dobr\u0105 wol\u0119 zwi\u0105zan\u0105 ze sp\u0142at\u0105 zad\u0142u\u017cenia ustalaj\u0105c racjonalny termin i spos\u00f3b dokonanych sp\u0142at. Wielokrotnie do braku sp\u0142aty dochodzi z przyczyn niezale\u017cnych od kontrahent\u00f3w przez co przez w\u0142a\u015bciwe ustalenie warunk\u00f3w sp\u0142aty W pierwszych kontaktach zawsze zak\u0142adamy dobr\u0105 wol\u0119 Pa\u0144stwa kontrahent\u00f3w, kt\u00f3rzy mogli z przyczyn od nich niezale\u017cnych nie dotrzyma\u0107 terminu p\u0142atno\u015bci. Zajmujemy si\u0119 r\u00f3wnie\u017c windykacj\u0105 terenow\u0105, pracujemy nie tylko zza biurka, ale tak\u017ce w terenie, zbieramy dowody i informacje. Windykacja polubowna wi\u0105\u017ce si\u0119 z licznymi korzy\u015bciami dla Klienta, m.in. wp\u0142ywa na p\u0142ynno\u015b\u0107 finansow\u0105, obni\u017ca koszy, kt\u00f3re Klient musia\u0142by pokry\u0107 w przypadku windykacji s\u0105dowej (reedukacja koszt\u00f3w obs\u0142ugi zwi\u0105zanej z dochodzeniem roszczenia), brak sporu na linii kontrahent- przedsi\u0119biorstwo. W przypadku niepowodzenia windykacji polubownej przekazujemy sprawy na drog\u0119 s\u0105dow\u0105 zar\u00f3wno w kraju jak i poza jego granicami. Kompleksowe prowadzenie spraw jest mo\u017cliwe we wzgl\u0119du na wsp\u00f3\u0142prace z kancelariami w Europie. Podejmowane przez nas dzia\u0142ania przek\u0142adaj\u0105 si\u0119 na poprawienie p\u0142ynno\u015bci finansowej Klient\u00f3w oraz ich zadowolenie. Zlecone nam sprawy s\u0105 przez nas stale monitorowane, a Klient\u00f3w regularnie informujemy o przebiegu odzyskiwania nale\u017cno\u015bci od d\u0142u\u017cnik\u00f3w.<\/span><\/p><p style=\"box-sizing: inherit; margin-bottom: 15px; color: #888888; font-size: 16px;\" align=\"JUSTIFY\"><span style=\"box-sizing: inherit; font-size: small;\">Nasza Kancelaria dzia\u0142a kompleksowo, wyr\u00f3\u017cnia nas:<\/span><\/p><ul style=\"box-sizing: inherit; margin-bottom: 15px; margin-left: 0px; padding-left: 15px; color: #888888; font-size: 16px;\"><li style=\"box-sizing: inherit;\"><p style=\"box-sizing: inherit; margin-bottom: 15px;\" align=\"JUSTIFY\"><span style=\"box-sizing: inherit; font-size: small;\">du\u017ce do\u015bwiadczenie w obs\u0142udze zar\u00f3wno Klient\u00f3w indywidualnych jak i du\u017cych firm,<\/span><\/p><\/li><li style=\"box-sizing: inherit;\"><p style=\"box-sizing: inherit; margin-bottom: 15px;\" align=\"JUSTIFY\"><span style=\"box-sizing: inherit; font-size: small;\">prowadzenie windykacji terenowej<\/span><\/p><\/li><li style=\"box-sizing: inherit;\"><p style=\"box-sizing: inherit; margin-bottom: 15px;\" align=\"JUSTIFY\"><span style=\"box-sizing: inherit; font-size: small;\">indywidualne podej\u015bcie do ka\u017cdej sprawy<\/span><\/p><\/li><li style=\"box-sizing: inherit;\"><p style=\"box-sizing: inherit; margin-bottom: 15px;\" align=\"JUSTIFY\"><span style=\"box-sizing: inherit; font-size: small;\">wsp\u00f3\u0142praca z innymi kancelariami w Europie<\/span><\/p><\/li><li style=\"box-sizing: inherit;\"><p style=\"box-sizing: inherit; margin-bottom: 15px;\" align=\"JUSTIFY\"><span style=\"box-sizing: inherit; font-size: small;\">pomoc w odzyskaniu nale\u017cno\u015bci od d\u0142u\u017cnik\u00f3w krajowych jak i zagranicznych,<\/span><\/p><\/li><li style=\"box-sizing: inherit;\"><p style=\"box-sizing: inherit; margin-bottom: 15px;\" align=\"JUSTIFY\"><span style=\"box-sizing: inherit; font-size: small;\">skuteczne rozwi\u0105zania, adekwatne do przypadku,<\/span><\/p><\/li><li style=\"box-sizing: inherit;\"><p style=\"box-sizing: inherit; margin-bottom: 15px;\" align=\"JUSTIFY\"><span style=\"box-sizing: inherit; font-size: small;\">mo\u017cliwo\u015b\u0107 przeprowadzenia wywiadu gospodarczego<\/span><\/p><\/li><li style=\"box-sizing: inherit;\"><p style=\"box-sizing: inherit; margin-bottom: 15px;\" align=\"JUSTIFY\"><span style=\"box-sizing: inherit; font-size: small;\">intensywna wsp\u00f3\u0142praca zar\u00f3wno z d\u0142u\u017cnikami, jak i wierzycielami maj\u0105ca na celu wypracowa\u0107 kompromis mi\u0119dzy stronami,<\/span><\/p><\/li><li style=\"box-sizing: inherit;\"><p style=\"box-sizing: inherit; margin-bottom: 15px;\" align=\"JUSTIFY\"><span style=\"box-sizing: inherit; font-size: small;\">prowadzenie post\u0119powa\u0144 ugodowych, a w przypadku ich nieskuteczno\u015bci, kierowanie spraw na drog\u0119 s\u0105dow\u0105,<\/span><\/p><\/li><li style=\"box-sizing: inherit;\"><p style=\"box-sizing: inherit; margin-bottom: 15px;\" align=\"JUSTIFY\"><span style=\"box-sizing: inherit; font-size: small;\">szanujemy interesy i czas wierzycieli,<\/span><\/p><\/li><li style=\"box-sizing: inherit;\"><p style=\"box-sizing: inherit; margin-bottom: 15px;\" align=\"JUSTIFY\"><span style=\"box-sizing: inherit; font-size: small;\">informujemy Klient\u00f3w na bie\u017c\u0105co o post\u0119pach w sprawie<\/span><\/p><\/li><\/ul>\t\t\t\t\t\t\t\t<\/div>\n\t\t\t\t<\/div>\n\t\t\t\t\t<\/div>\n\t\t<\/div>\n\t\t\t\t\t<\/div>\n\t\t<\/section>\n\t\t\t\t<section class=\"elementor-section elementor-top-section elementor-element elementor-element-44edeca elementor-section-boxed elementor-section-height-default elementor-section-height-default\" data-id=\"44edeca\" data-element_type=\"section\" data-e-type=\"section\">\n\t\t\t\t\t\t<div class=\"elementor-container elementor-column-gap-default\">\n\t\t\t\t\t<div class=\"elementor-column elementor-col-100 elementor-top-column elementor-element elementor-element-25515dd\" data-id=\"25515dd\" data-element_type=\"column\" data-e-type=\"column\">\n\t\t\t<div class=\"elementor-widget-wrap elementor-element-populated\">\n\t\t\t\t\t\t<div class=\"elementor-element elementor-element-17ab3ee elementor-widget elementor-widget-text-editor\" data-id=\"17ab3ee\" data-element_type=\"widget\" data-e-type=\"widget\" data-widget_type=\"text-editor.default\">\n\t\t\t\t<div class=\"elementor-widget-container\">\n\t\t\t\t\t\t\t\t\t<p style=\"box-sizing: inherit; margin-bottom: 10.5px; font-variant-numeric: normal; font-variant-east-asian: normal; color: #4c4c4c; font-family: Arial, Helvetica, sans-serif; font-size: 12px; text-align: justify;\"><span style=\"box-sizing: inherit; font-size: 18px; margin: 0px; padding: 0px;\"><strong style=\"box-sizing: inherit; color: #020202; margin: 0px; padding: 0px;\">Je\u015bli masz do nas&nbsp;<span style=\"box-sizing: inherit; color: #d0121a; margin: 0px; padding: 0px;\">pytania:<\/span><\/strong><\/span><\/p>\n<p><\/p>\n<p style=\"box-sizing: inherit; margin-bottom: 10.5px; font-variant-numeric: normal; font-variant-east-asian: normal; color: #4c4c4c; font-family: Arial, Helvetica, sans-serif; font-size: 12px; text-align: justify;\">\u2013 napisz maila na adres:&nbsp;<strong>detektywszafran@wp.pl<\/strong><br style=\"box-sizing: inherit; margin: 0px; padding: 0px;\">\u2013 zapytaj nas na&nbsp;<a href=\"https:\/\/www.facebook.com\/detektywszafran\/\" target=\"_blank\" rel=\"noopener\">facebook.com<\/a><br style=\"box-sizing: inherit; margin: 0px; padding: 0px;\">\u2013 zadzwo\u0144 do naszego biura obs\u0142ugi klienta: tel.&nbsp;<strong style=\"box-sizing: inherit; margin: 0px; padding: 0px;\">+48663087240 (Pon-Pt 08-16:00)<\/strong><\/p>\n<p><\/p>\n<p style=\"box-sizing: inherit; margin-bottom: 10.5px; font-variant-numeric: normal; font-variant-east-asian: normal; font-family: Arial, Helvetica, sans-serif; text-align: justify; font-size: 12px; color: #4c4c4c;\"><span style=\"box-sizing: inherit; font-size: 18px; margin: 0px; padding: 0px;\"><strong style=\"box-sizing: inherit; color: #020202; margin: 0px; padding: 0px;\">Adres&nbsp;<span style=\"box-sizing: inherit; color: #d0121a; margin: 0px; padding: 0px;\">firmy:<\/span><\/strong><\/span><\/p>\n<p><\/p>\n<p style=\"box-sizing: inherit; margin-bottom: 10.5px; font-variant-numeric: normal; font-variant-east-asian: normal; color: #4c4c4c; font-family: Arial, Helvetica, sans-serif; font-size: 12px; text-align: justify;\"><span style=\"box-sizing: inherit; margin: 0px; padding: 0px;\">KANCELARIA PRAWNO-DETEKTYWISTYCZNA STANIS\u0141AW SZAFRAN<br style=\"box-sizing: inherit; margin: 0px; padding: 0px;\">OSIEDLE \u015aWIERKOWE 7B LOK. 1<br style=\"box-sizing: inherit; margin: 0px; padding: 0px;\">69-100 S\u0141UBICE<\/span><\/p>\n<p><\/p>\n<p style=\"box-sizing: inherit; margin-bottom: 10.5px; font-variant-numeric: normal; font-variant-east-asian: normal; color: #4c4c4c; font-family: Arial, Helvetica, sans-serif; font-size: 12px; text-align: justify;\"><span style=\"box-sizing: inherit; margin: 0px; padding: 0px;\"><span style=\"box-sizing: inherit; background-color: rgba(0, 0, 0, 0); color: #000000; font-family: Gudea, Arial; font-size: 14px; font-variant-numeric: normal; font-variant-east-asian: normal; font-weight: bold; margin: 0px; padding: 0px; text-align: left;\">NIP: 9261254773&nbsp;<\/span><\/span><span style=\"background-color: rgba(0, 0, 0, 0); color: #000000; font-family: Gudea, Arial; font-size: 14px; font-weight: bold; text-align: left;\">REGON: 080450293<\/span><\/p>\t\t\t\t\t\t\t\t<\/div>\n\t\t\t\t<\/div>\n\t\t\t\t\t<\/div>\n\t\t<\/div>\n\t\t\t\t\t<\/div>\n\t\t<\/section>\n\t\t\t\t<\/div>\n\t\t","protected":false},"excerpt":{"rendered":"<p>Jeste\u015bmy jedyn\u0105 kancelari\u0105 w wojew\u00f3dztwie i jedn\u0105 z nielicznych w Polsce, kt\u00f3ra \u0142\u0105czy ze sob\u0105 us\u0142ugi detektywistyczne, prawne oraz windykacyjne. Cechuje nas indywidualne i kompleksowe podej\u015bcie do ka\u017cdej przekazanej nam sprawy. W pierwszej kolejno\u015bci staramy si\u0119 nawi\u0105za\u0107 kontakt z d\u0142u\u017cnikiem oraz doprowadzi\u0107 do ugodowego rozwi\u0105zania &hellip; <a href=\"https:\/\/www.observersecurity.com\/?page_id=590\" class=\"more-link\"><span>Continue reading<span class=\"screen-reader-text\">WINDYKACJA<\/span><\/span><\/a><\/p>\n","protected":false},"author":1,"featured_media":591,"parent":0,"menu_order":0,"comment_status":"closed","ping_status":"closed","template":"","meta":{"ngg_post_thumbnail":0,"footnotes":""},"class_list":["post-590","page","type-page","status-publish","has-post-thumbnail","hentry"],"_links":{"self":[{"href":"https:\/\/www.observersecurity.com\/index.php?rest_route=\/wp\/v2\/pages\/590","targetHints":{"allow":["GET"]}}],"collection":[{"href":"https:\/\/www.observersecurity.com\/index.php?rest_route=\/wp\/v2\/pages"}],"about":[{"href":"https:\/\/www.observersecurity.com\/index.php?rest_route=\/wp\/v2\/types\/page"}],"author":[{"embeddable":true,"href":"https:\/\/www.observersecurity.com\/index.php?rest_route=\/wp\/v2\/users\/1"}],"replies":[{"embeddable":true,"href":"https:\/\/www.observersecurity.com\/index.php?rest_route=%2Fwp%2Fv2%2Fcomments&post=590"}],"version-history":[{"count":7,"href":"https:\/\/www.observersecurity.com\/index.php?rest_route=\/wp\/v2\/pages\/590\/revisions"}],"predecessor-version":[{"id":708,"href":"https:\/\/www.observersecurity.com\/index.php?rest_route=\/wp\/v2\/pages\/590\/revisions\/708"}],"wp:featuredmedia":[{"embeddable":true,"href":"https:\/\/www.observersecurity.com\/index.php?rest_route=\/wp\/v2\/media\/591"}],"wp:attachment":[{"href":"https:\/\/www.observersecurity.com\/index.php?rest_route=%2Fwp%2Fv2%2Fmedia&parent=590"}],"curies":[{"name":"wp","href":"https:\/\/api.w.org\/{rel}","templated":true}]}}