{"id":19,"date":"2021-02-28T14:15:16","date_gmt":"2021-02-28T13:15:16","guid":{"rendered":"http:\/\/www.observersecurity.com\/?page_id=19"},"modified":"2024-06-26T15:03:48","modified_gmt":"2024-06-26T13:03:48","slug":"kontakt","status":"publish","type":"page","link":"https:\/\/www.observersecurity.com\/?page_id=19","title":{"rendered":"KONTAKT"},"content":{"rendered":"\t\t<div data-elementor-type=\"wp-page\" data-elementor-id=\"19\" class=\"elementor elementor-19\">\n\t\t\t\t\t\t<section class=\"elementor-section elementor-top-section elementor-element elementor-element-6cdd16f elementor-section-boxed elementor-section-height-default elementor-section-height-default\" data-id=\"6cdd16f\" data-element_type=\"section\" data-e-type=\"section\">\n\t\t\t\t\t\t<div class=\"elementor-container elementor-column-gap-default\">\n\t\t\t\t\t<div class=\"elementor-column elementor-col-100 elementor-top-column elementor-element elementor-element-f132985\" data-id=\"f132985\" data-element_type=\"column\" data-e-type=\"column\">\n\t\t\t<div class=\"elementor-widget-wrap elementor-element-populated\">\n\t\t\t\t\t\t<div class=\"elementor-element elementor-element-fcbfc2c elementor-widget elementor-widget-text-editor\" data-id=\"fcbfc2c\" data-element_type=\"widget\" data-e-type=\"widget\" data-widget_type=\"text-editor.default\">\n\t\t\t\t<div class=\"elementor-widget-container\">\n\t\t\t\t\t\t\t\t\t<pre style=\"box-sizing: inherit; margin-bottom: 10.5px; color: #4c4c4c; font-family: Arial, Helvetica, sans-serif; font-size: 12px; font-variant-numeric: normal; font-variant-east-asian: normal; font-weight: 400; text-align: justify;\"><span style=\"box-sizing: inherit; font-size: 18px; margin: 0px; padding: 0px;\"><strong style=\"box-sizing: inherit; color: #020202; margin: 0px; padding: 0px;\">Je\u015bli masz do nas\u00a0<span style=\"box-sizing: inherit; color: #d0121a; margin: 0px; padding: 0px;\">pytania:<\/span><\/strong><\/span><br \/><br \/><br \/><br \/><br \/>- napisz maila na adres:\u00a0contact@observersecurity.com<br style=\"box-sizing: inherit; margin: 0px; padding: 0px;\" \/>- zapytaj nas na\u00a0<strong style=\"box-sizing: inherit; margin: 0px; padding: 0px;\">facebook.com<\/strong><br style=\"box-sizing: inherit; margin: 0px; padding: 0px;\" \/>- zadzwo\u0144 do naszego biura obs\u0142ugi klienta: tel.\u00a0<strong style=\"box-sizing: inherit; margin: 0px; padding: 0px;\">+48663087240 (Pon-Pt 08-16:00)<\/strong><br \/><br \/><br \/><\/pre><p>\u00a0<\/p><p style=\"box-sizing: inherit; margin-bottom: 10.5px; color: #4c4c4c; font-family: Arial, Helvetica, sans-serif; font-size: 12px; font-variant-numeric: normal; font-variant-east-asian: normal; font-weight: 400; text-align: justify;\"><span style=\"box-sizing: inherit; font-size: 18px; margin: 0px; padding: 0px;\"><strong style=\"box-sizing: inherit; color: #020202; margin: 0px; padding: 0px;\">Adres\u00a0<span style=\"box-sizing: inherit; color: #d0121a; margin: 0px; padding: 0px;\">firmy:<\/span><\/strong><\/span><\/p><p>\u00a0<\/p><pre style=\"box-sizing: inherit; margin-bottom: 10.5px; color: #4c4c4c; font-family: Arial, Helvetica, sans-serif; font-size: 12px; font-variant-numeric: normal; font-variant-east-asian: normal; font-weight: 400; text-align: justify;\"><strong><span style=\"box-sizing: inherit; margin: 0px; padding: 0px;\">OBSERVER SECURITY GROUP SP. Z O.O.<br style=\"box-sizing: inherit; margin: 0px; padding: 0px;\" \/>OSIEDLE \u015aWIERKOWE 7B LOK. 1<br style=\"box-sizing: inherit; margin: 0px; padding: 0px;\" \/>69-100 S\u0141UBICE<\/span><\/strong><\/pre><pre><span style=\"box-sizing: inherit; margin: 0px; padding: 0px;\"><span style=\"box-sizing: inherit; background-color: rgba(0, 0, 0, 0); color: #000000; font-family: Gudea, Arial; font-size: 14px; font-variant-numeric: normal; font-variant-east-asian: normal; font-weight: bold; margin: 0px; padding: 0px; text-align: left;\">KRS: 0000761126<br \/><\/span><\/span><span style=\"box-sizing: inherit; margin: 0px; padding: 0px;\"><span style=\"box-sizing: inherit; background-color: rgba(0, 0, 0, 0); color: #000000; font-family: Gudea, Arial; font-size: 14px; font-variant-numeric: normal; font-variant-east-asian: normal; font-weight: bold; margin: 0px; padding: 0px; text-align: left;\">NIP:5981644106<br \/><\/span><\/span><span style=\"box-sizing: inherit; background-color: rgba(0, 0, 0, 0); color: #000000; font-family: Gudea, Arial; font-size: 14px; font-variant-numeric: normal; font-variant-east-asian: normal; font-weight: bold; margin: 0px; padding: 0px; text-align: left;\">REGON:381958624<\/span><span style=\"box-sizing: inherit; margin: 0px; padding: 0px;\"><br style=\"box-sizing: inherit; margin: 0px; padding: 0px;\" \/><br style=\"box-sizing: inherit; margin: 0px; padding: 0px;\" \/><\/span><span style=\"box-sizing: inherit; margin: 0px; padding: 0px;\">OBSERVER SECURITY GROUP SP\u00d3\u0141KA Z OGRANICZON\u0104 ODPOWIEDZIALNO\u015aCI\u0104.<br \/>S\u0104D REJONOWY W ZIELONEJ G\u00d3RZE, VIII WYDZIA\u0141 GOSPODARCZY KRAJOWEGO REJESTRU S\u0104DOWEGO,<br \/>wpis do rejestru: 04.12.2018.<\/span><br \/><br \/><span style=\"box-sizing: inherit; margin: 0px; padding: 0px;\">[ZG.VIII NS-REJ.KRS\/18683\/18\/977]<\/span><\/pre>\t\t\t\t\t\t\t\t<\/div>\n\t\t\t\t<\/div>\n\t\t\t\t\t<\/div>\n\t\t<\/div>\n\t\t\t\t\t<\/div>\n\t\t<\/section>\n\t\t\t\t<section class=\"elementor-section elementor-top-section elementor-element elementor-element-24f4c72 elementor-section-boxed elementor-section-height-default elementor-section-height-default\" data-id=\"24f4c72\" data-element_type=\"section\" data-e-type=\"section\">\n\t\t\t\t\t\t<div class=\"elementor-container elementor-column-gap-default\">\n\t\t\t\t\t<div class=\"elementor-column elementor-col-100 elementor-top-column elementor-element elementor-element-9d25c2d\" data-id=\"9d25c2d\" data-element_type=\"column\" data-e-type=\"column\">\n\t\t\t<div class=\"elementor-widget-wrap elementor-element-populated\">\n\t\t\t\t\t\t<div class=\"elementor-element elementor-element-10c7135 elementor-widget elementor-widget-google_maps\" data-id=\"10c7135\" data-element_type=\"widget\" data-e-type=\"widget\" data-widget_type=\"google_maps.default\">\n\t\t\t\t<div class=\"elementor-widget-container\">\n\t\t\t\t\t\t\t<div class=\"elementor-custom-embed\">\n\t\t\t<iframe loading=\"lazy\"\n\t\t\t\t\tsrc=\"https:\/\/maps.google.com\/maps?q=69-100%20S%C5%82ubice%2C%20Os.%20%C5%9Awierkowe%207b&#038;t=m&#038;z=10&#038;output=embed&#038;iwloc=near\"\n\t\t\t\t\ttitle=\"69-100 S\u0142ubice, Os. \u015awierkowe 7b\"\n\t\t\t\t\taria-label=\"69-100 S\u0142ubice, Os. \u015awierkowe 7b\"\n\t\t\t><\/iframe>\n\t\t<\/div>\n\t\t\t\t\t\t<\/div>\n\t\t\t\t<\/div>\n\t\t\t\t\t<\/div>\n\t\t<\/div>\n\t\t\t\t\t<\/div>\n\t\t<\/section>\n\t\t\t\t<\/div>\n\t\t","protected":false},"excerpt":{"rendered":"<p>Je\u015bli masz do nas\u00a0pytania:- napisz maila na adres:\u00a0contact@observersecurity.com- zapytaj nas na\u00a0facebook.com- zadzwo\u0144 do naszego biura obs\u0142ugi klienta: tel.\u00a0+48663087240 (Pon-Pt 08-16:00) \u00a0 Adres\u00a0firmy: \u00a0 OBSERVER SECURITY GROUP SP. Z O.O.OSIEDLE \u015aWIERKOWE 7B LOK. 169-100 S\u0141UBICE KRS: 0000761126NIP:5981644106REGON:381958624OBSERVER SECURITY GROUP SP\u00d3\u0141KA Z OGRANICZON\u0104 ODPOWIEDZIALNO\u015aCI\u0104.S\u0104D REJONOWY W ZIELONEJ &hellip; <a href=\"https:\/\/www.observersecurity.com\/?page_id=19\" class=\"more-link\"><span>Continue reading<span class=\"screen-reader-text\">KONTAKT<\/span><\/span><\/a><\/p>\n","protected":false},"author":1,"featured_media":108,"parent":0,"menu_order":0,"comment_status":"closed","ping_status":"closed","template":"","meta":{"ngg_post_thumbnail":0,"footnotes":""},"class_list":["post-19","page","type-page","status-publish","has-post-thumbnail","hentry"],"_links":{"self":[{"href":"https:\/\/www.observersecurity.com\/index.php?rest_route=\/wp\/v2\/pages\/19","targetHints":{"allow":["GET"]}}],"collection":[{"href":"https:\/\/www.observersecurity.com\/index.php?rest_route=\/wp\/v2\/pages"}],"about":[{"href":"https:\/\/www.observersecurity.com\/index.php?rest_route=\/wp\/v2\/types\/page"}],"author":[{"embeddable":true,"href":"https:\/\/www.observersecurity.com\/index.php?rest_route=\/wp\/v2\/users\/1"}],"replies":[{"embeddable":true,"href":"https:\/\/www.observersecurity.com\/index.php?rest_route=%2Fwp%2Fv2%2Fcomments&post=19"}],"version-history":[{"count":11,"href":"https:\/\/www.observersecurity.com\/index.php?rest_route=\/wp\/v2\/pages\/19\/revisions"}],"predecessor-version":[{"id":1118,"href":"https:\/\/www.observersecurity.com\/index.php?rest_route=\/wp\/v2\/pages\/19\/revisions\/1118"}],"wp:featuredmedia":[{"embeddable":true,"href":"https:\/\/www.observersecurity.com\/index.php?rest_route=\/wp\/v2\/media\/108"}],"wp:attachment":[{"href":"https:\/\/www.observersecurity.com\/index.php?rest_route=%2Fwp%2Fv2%2Fmedia&parent=19"}],"curies":[{"name":"wp","href":"https:\/\/api.w.org\/{rel}","templated":true}]}}